{"id":1781,"date":"2026-04-24T16:50:04","date_gmt":"2026-04-24T14:50:04","guid":{"rendered":"https:\/\/www.rheumapraxen-bdrh.de\/apotheke\/kontakt\/"},"modified":"2026-04-24T16:50:04","modified_gmt":"2026-04-24T14:50:04","slug":"kontakt","status":"publish","type":"page","link":"https:\/\/www.rheumapraxen-bdrh.de\/apotheke\/kontakt\/","title":{"rendered":"Kontakt"},"content":{"rendered":"<h1>Kontakt<\/h1>\n<p>Willkommen bei der redaktionellen Informationsseite Online-Apotheke Rheumapraxis. Dieses Angebot ist ein virtuelles Informations\u2011 und redaktionelles Portal; es ist KEINE Apotheke, KEIN H\u00e4ndler und verkauft, lagert, versendet, gibt nicht ab und liefert keine Produkte. Die angegebenen Kontaktkan\u00e4le dienen ausschlie\u00dflich redaktionellen Anfragen: inhaltliche Fragen, sachliche Korrekturen, Urheberrechts\u2011\/L\u00f6schanfragen und Medienanfragen. Die Adresse Benkendorfer Str. 99, 06128 Halle (Saale), Germany ist die Adresse des Betreibers des Informationsdienstes (ausschlie\u00dflich f\u00fcr rechtliche Korrespondenz) \u2014 KEINE Apotheke und KEINE Retourenadresse.<\/p>\n<h2>Kontaktkan\u00e4le<\/h2>\n<ul>\n<li>E\u2011Mail: <a href=\"mailto:info@rheumapraxen-bdrh.de\">info@rheumapraxen-bdrh.de<\/a><\/li>\n<li>Telefon: <a href=\"tel:03459802613\">0345-9802613<\/a><\/li>\n<li>Adresse (nur f\u00fcr rechtliche Korrespondenz): Benkendorfer Str. 99, 06128 Halle (Saale), Germany<\/li>\n<li>Webseite: <a href=\"https:\/\/www.rheumapraxen-bdrh.de\/apotheke\">https:\/\/www.rheumapraxen-bdrh.de\/apotheke<\/a> \u2014 Online-Apotheke Rheumapraxis<\/li>\n<\/ul>\n<h2>Fragen zu einer Bestellung?<\/h2>\n<p>Fragen zu Bestellungen, Zahlungen, Tracking, Lieferung, Stornierung, R\u00fcckgabe, R\u00fcckerstattung oder Gew\u00e4hrleistung richten Sie bitte an den offiziellen Anbieter auf der externen Webseite, die sich \u00f6ffnet, wenn Sie auf \u201eKaufen\u201c\/\u201eBestellen\u201c klicken. Wir sind nicht Vertragspartner von K\u00e4ufen auf externen Seiten, haben keinen Zugriff auf Bestelldaten und k\u00f6nnen in kommerziellen Angelegenheiten nicht helfen.<\/p>\n<h2>Redaktionelle Anfragen<\/h2>\n<p>F\u00fcr redaktionelle Anliegen (Inhalt, Korrekturen, Medienanfragen, rechtliche Hinweise) nutzen Sie bitte die oben genannten Kontaktkan\u00e4le. Redaktionszeiten: Mo\u2013Fr 09:00\u201318:00 (lokale Zeit; dies ist kein Shop). Hinweis zur Bearbeitungszeit: [Antwortzeiten f\u00fcr redaktionelle Anfragen hier eintragen].<\/p>\n<p>Falls auf dieser Seite ein Kontaktformular eingebunden ist, k\u00f6nnen Sie dieses ebenfalls nutzen.<\/p>\n<h2>Haftungsausschluss, Urheberrecht und Marken<\/h2>\n<p>Die Betreiberin\/der Betreiber dieses Informationsangebotes \u00fcbernimmt keine Haftung f\u00fcr die Richtigkeit, Vollst\u00e4ndigkeit, Rechtm\u00e4\u00dfigkeit oder Aktualit\u00e4t von auf der Webseite referenzierten Produktinformationen. Wir beanspruchen keine Rechte an Hersteller\u2011Marken und haben keine Verbindung zu fr\u00fcheren Inhaberinnen oder Inhabern der Domain rheumapraxen-bdrh.de. Hinweise zu Urheberrechtsverletzungen oder L\u00f6schersuchen richten Sie bitte per E\u2011Mail an info@rheumapraxen-bdrh.de.<\/p>\n<h2>Hinweis zu \u201eKaufen\u201c\/\u201eBestellen\u201c-Buttons und kommerziellen Anfragen<\/h2>\n<p>\u201eKaufen\u201c-\/\u201eBestellen\u201c-Buttons leiten auf externe, offiziell bezeichnete Verkaufsseiten weiter. Wir sind nicht Partei von K\u00e4ufen auf diesen Seiten. F\u00fcr alle kommerziellen Fragen (Bestellung, Zahlung, Lieferung, R\u00fcckgabe, R\u00fcckerstattung, Gew\u00e4hrleistung) wenden Sie sich bitte direkt an den jeweiligen Verk\u00e4ufer auf der externen Seite.<\/p>\n<h2>Weitere Hinweise<\/h2>\n<p>Wenn Sie weitere gesetzlich vorgeschriebene Informationen ben\u00f6tigen, die auf dieser Seite nicht aufgef\u00fchrt sind, schreiben Sie bitte an info@rheumapraxen-bdrh.de.<\/p>\n","protected":false},"excerpt":{"rendered":"<p>Kontakt Willkommen bei der redaktionellen Informationsseite Online-Apotheke Rheumapraxis. Dieses Angebot ist ein virtuelles Informations\u2011 und redaktionelles Portal; es ist KEINE [&hellip;]<\/p>\n","protected":false},"author":1,"featured_media":0,"parent":0,"menu_order":0,"comment_status":"closed","ping_status":"closed","template":"","meta":{"site-sidebar-layout":"default","site-content-layout":"","ast-site-content-layout":"default","site-content-style":"default","site-sidebar-style":"default","ast-global-header-display":"","ast-banner-title-visibility":"","ast-main-header-display":"","ast-hfb-above-header-display":"","ast-hfb-below-header-display":"","ast-hfb-mobile-header-display":"","site-post-title":"","ast-breadcrumbs-content":"","ast-featured-img":"","footer-sml-layout":"","ast-disable-related-posts":"","theme-transparent-header-meta":"","adv-header-id-meta":"","stick-header-meta":"","header-above-stick-meta":"","header-main-stick-meta":"","header-below-stick-meta":"","astra-migrate-meta-layouts":"default","ast-page-background-enabled":"default","ast-page-background-meta":{"desktop":{"background-color":"var(--ast-global-color-5)","background-image":"","background-repeat":"repeat","background-position":"center center","background-size":"auto","background-attachment":"scroll","background-type":"","background-media":"","overlay-type":"","overlay-color":"","overlay-opacity":"","overlay-gradient":""},"tablet":{"background-color":"","background-image":"","background-repeat":"repeat","background-position":"center center","background-size":"auto","background-attachment":"scroll","background-type":"","background-media":"","overlay-type":"","overlay-color":"","overlay-opacity":"","overlay-gradient":""},"mobile":{"background-color":"","background-image":"","background-repeat":"repeat","background-position":"center center","background-size":"auto","background-attachment":"scroll","background-type":"","background-media":"","overlay-type":"","overlay-color":"","overlay-opacity":"","overlay-gradient":""}},"ast-content-background-meta":{"desktop":{"background-color":"var(--ast-global-color-4)","background-image":"","background-repeat":"repeat","background-position":"center center","background-size":"auto","background-attachment":"scroll","background-type":"","background-media":"","overlay-type":"","overlay-color":"","overlay-opacity":"","overlay-gradient":""},"tablet":{"background-color":"var(--ast-global-color-4)","background-image":"","background-repeat":"repeat","background-position":"center center","background-size":"auto","background-attachment":"scroll","background-type":"","background-media":"","overlay-type":"","overlay-color":"","overlay-opacity":"","overlay-gradient":""},"mobile":{"background-color":"var(--ast-global-color-4)","background-image":"","background-repeat":"repeat","background-position":"center center","background-size":"auto","background-attachment":"scroll","background-type":"","background-media":"","overlay-type":"","overlay-color":"","overlay-opacity":"","overlay-gradient":""}},"footnotes":""},"class_list":["post-1781","page","type-page","status-publish","hentry"],"yoast_head":"<!-- This site is optimized with the Yoast SEO plugin v27.3 - https:\/\/yoast.com\/product\/yoast-seo-wordpress\/ -->\n<title>Kontakt - Rheumapraxis Apotheke<\/title>\n<meta name=\"robots\" content=\"index, follow, max-snippet:-1, max-image-preview:large, max-video-preview:-1\" \/>\n<link rel=\"canonical\" href=\"https:\/\/www.rheumapraxen-bdrh.de\/apotheke\/kontakt\/\" \/>\n<meta property=\"og:locale\" content=\"de_DE\" \/>\n<meta property=\"og:type\" content=\"article\" \/>\n<meta property=\"og:title\" content=\"Kontakt - Rheumapraxis Apotheke\" \/>\n<meta property=\"og:description\" content=\"Kontakt Willkommen bei der redaktionellen Informationsseite Online-Apotheke Rheumapraxis. Dieses Angebot ist ein virtuelles Informations\u2011 und redaktionelles Portal; es ist KEINE [&hellip;]\" \/>\n<meta property=\"og:url\" content=\"https:\/\/www.rheumapraxen-bdrh.de\/apotheke\/kontakt\/\" \/>\n<meta property=\"og:site_name\" content=\"Rheumapraxis Apotheke\" \/>\n<meta name=\"twitter:card\" content=\"summary_large_image\" \/>\n<meta name=\"twitter:label1\" content=\"Gesch\u00e4tzte Lesezeit\" \/>\n\t<meta name=\"twitter:data1\" content=\"2\u00a0Minuten\" \/>\n<script type=\"application\/ld+json\" class=\"yoast-schema-graph\">{\"@context\":\"https:\\\/\\\/schema.org\",\"@graph\":[{\"@type\":\"WebPage\",\"@id\":\"https:\\\/\\\/www.rheumapraxen-bdrh.de\\\/apotheke\\\/kontakt\\\/\",\"url\":\"https:\\\/\\\/www.rheumapraxen-bdrh.de\\\/apotheke\\\/kontakt\\\/\",\"name\":\"Kontakt - Rheumapraxis Apotheke\",\"isPartOf\":{\"@id\":\"https:\\\/\\\/www.rheumapraxen-bdrh.de\\\/apotheke\\\/#website\"},\"datePublished\":\"2026-04-24T14:50:04+00:00\",\"breadcrumb\":{\"@id\":\"https:\\\/\\\/www.rheumapraxen-bdrh.de\\\/apotheke\\\/kontakt\\\/#breadcrumb\"},\"inLanguage\":\"de\",\"potentialAction\":[{\"@type\":\"ReadAction\",\"target\":[\"https:\\\/\\\/www.rheumapraxen-bdrh.de\\\/apotheke\\\/kontakt\\\/\"]}]},{\"@type\":\"BreadcrumbList\",\"@id\":\"https:\\\/\\\/www.rheumapraxen-bdrh.de\\\/apotheke\\\/kontakt\\\/#breadcrumb\",\"itemListElement\":[{\"@type\":\"ListItem\",\"position\":1,\"name\":\"\u0413\u043b\u0430\u0432\u043d\u0430\u044f \u0441\u0442\u0440\u0430\u043d\u0438\u0446\u0430\",\"item\":\"https:\\\/\\\/www.rheumapraxen-bdrh.de\\\/apotheke\\\/\"},{\"@type\":\"ListItem\",\"position\":2,\"name\":\"Kontakt\"}]},{\"@type\":\"WebSite\",\"@id\":\"https:\\\/\\\/www.rheumapraxen-bdrh.de\\\/apotheke\\\/#website\",\"url\":\"https:\\\/\\\/www.rheumapraxen-bdrh.de\\\/apotheke\\\/\",\"name\":\"Rheumapraxis Apotheke\",\"description\":\"\",\"publisher\":{\"@id\":\"https:\\\/\\\/www.rheumapraxen-bdrh.de\\\/apotheke\\\/#organization\"},\"potentialAction\":[{\"@type\":\"SearchAction\",\"target\":{\"@type\":\"EntryPoint\",\"urlTemplate\":\"https:\\\/\\\/www.rheumapraxen-bdrh.de\\\/apotheke\\\/?s={search_term_string}\"},\"query-input\":{\"@type\":\"PropertyValueSpecification\",\"valueRequired\":true,\"valueName\":\"search_term_string\"}}],\"inLanguage\":\"de\"},{\"@type\":\"Organization\",\"@id\":\"https:\\\/\\\/www.rheumapraxen-bdrh.de\\\/apotheke\\\/#organization\",\"name\":\"Rheumapraxis Apotheke\",\"url\":\"https:\\\/\\\/www.rheumapraxen-bdrh.de\\\/apotheke\\\/\",\"logo\":{\"@type\":\"ImageObject\",\"inLanguage\":\"de\",\"@id\":\"https:\\\/\\\/www.rheumapraxen-bdrh.de\\\/apotheke\\\/#\\\/schema\\\/logo\\\/image\\\/\",\"url\":\"https:\\\/\\\/www.rheumapraxen-bdrh.de\\\/apotheke\\\/wp-content\\\/uploads\\\/2025\\\/04\\\/logomain-scaled.png\",\"contentUrl\":\"https:\\\/\\\/www.rheumapraxen-bdrh.de\\\/apotheke\\\/wp-content\\\/uploads\\\/2025\\\/04\\\/logomain-scaled.png\",\"width\":2560,\"height\":2560,\"caption\":\"Rheumapraxis Apotheke\"},\"image\":{\"@id\":\"https:\\\/\\\/www.rheumapraxen-bdrh.de\\\/apotheke\\\/#\\\/schema\\\/logo\\\/image\\\/\"}}]}<\/script>\n<!-- \/ Yoast SEO plugin. -->","yoast_head_json":{"title":"Kontakt - Rheumapraxis Apotheke","robots":{"index":"index","follow":"follow","max-snippet":"max-snippet:-1","max-image-preview":"max-image-preview:large","max-video-preview":"max-video-preview:-1"},"canonical":"https:\/\/www.rheumapraxen-bdrh.de\/apotheke\/kontakt\/","og_locale":"de_DE","og_type":"article","og_title":"Kontakt - Rheumapraxis Apotheke","og_description":"Kontakt Willkommen bei der redaktionellen Informationsseite Online-Apotheke Rheumapraxis. Dieses Angebot ist ein virtuelles Informations\u2011 und redaktionelles Portal; es ist KEINE [&hellip;]","og_url":"https:\/\/www.rheumapraxen-bdrh.de\/apotheke\/kontakt\/","og_site_name":"Rheumapraxis Apotheke","twitter_card":"summary_large_image","twitter_misc":{"Gesch\u00e4tzte Lesezeit":"2\u00a0Minuten"},"schema":{"@context":"https:\/\/schema.org","@graph":[{"@type":"WebPage","@id":"https:\/\/www.rheumapraxen-bdrh.de\/apotheke\/kontakt\/","url":"https:\/\/www.rheumapraxen-bdrh.de\/apotheke\/kontakt\/","name":"Kontakt - Rheumapraxis Apotheke","isPartOf":{"@id":"https:\/\/www.rheumapraxen-bdrh.de\/apotheke\/#website"},"datePublished":"2026-04-24T14:50:04+00:00","breadcrumb":{"@id":"https:\/\/www.rheumapraxen-bdrh.de\/apotheke\/kontakt\/#breadcrumb"},"inLanguage":"de","potentialAction":[{"@type":"ReadAction","target":["https:\/\/www.rheumapraxen-bdrh.de\/apotheke\/kontakt\/"]}]},{"@type":"BreadcrumbList","@id":"https:\/\/www.rheumapraxen-bdrh.de\/apotheke\/kontakt\/#breadcrumb","itemListElement":[{"@type":"ListItem","position":1,"name":"\u0413\u043b\u0430\u0432\u043d\u0430\u044f \u0441\u0442\u0440\u0430\u043d\u0438\u0446\u0430","item":"https:\/\/www.rheumapraxen-bdrh.de\/apotheke\/"},{"@type":"ListItem","position":2,"name":"Kontakt"}]},{"@type":"WebSite","@id":"https:\/\/www.rheumapraxen-bdrh.de\/apotheke\/#website","url":"https:\/\/www.rheumapraxen-bdrh.de\/apotheke\/","name":"Rheumapraxis Apotheke","description":"","publisher":{"@id":"https:\/\/www.rheumapraxen-bdrh.de\/apotheke\/#organization"},"potentialAction":[{"@type":"SearchAction","target":{"@type":"EntryPoint","urlTemplate":"https:\/\/www.rheumapraxen-bdrh.de\/apotheke\/?s={search_term_string}"},"query-input":{"@type":"PropertyValueSpecification","valueRequired":true,"valueName":"search_term_string"}}],"inLanguage":"de"},{"@type":"Organization","@id":"https:\/\/www.rheumapraxen-bdrh.de\/apotheke\/#organization","name":"Rheumapraxis Apotheke","url":"https:\/\/www.rheumapraxen-bdrh.de\/apotheke\/","logo":{"@type":"ImageObject","inLanguage":"de","@id":"https:\/\/www.rheumapraxen-bdrh.de\/apotheke\/#\/schema\/logo\/image\/","url":"https:\/\/www.rheumapraxen-bdrh.de\/apotheke\/wp-content\/uploads\/2025\/04\/logomain-scaled.png","contentUrl":"https:\/\/www.rheumapraxen-bdrh.de\/apotheke\/wp-content\/uploads\/2025\/04\/logomain-scaled.png","width":2560,"height":2560,"caption":"Rheumapraxis Apotheke"},"image":{"@id":"https:\/\/www.rheumapraxen-bdrh.de\/apotheke\/#\/schema\/logo\/image\/"}}]}},"_links":{"self":[{"href":"https:\/\/www.rheumapraxen-bdrh.de\/apotheke\/wp-json\/wp\/v2\/pages\/1781","targetHints":{"allow":["GET"]}}],"collection":[{"href":"https:\/\/www.rheumapraxen-bdrh.de\/apotheke\/wp-json\/wp\/v2\/pages"}],"about":[{"href":"https:\/\/www.rheumapraxen-bdrh.de\/apotheke\/wp-json\/wp\/v2\/types\/page"}],"author":[{"embeddable":true,"href":"https:\/\/www.rheumapraxen-bdrh.de\/apotheke\/wp-json\/wp\/v2\/users\/1"}],"replies":[{"embeddable":true,"href":"https:\/\/www.rheumapraxen-bdrh.de\/apotheke\/wp-json\/wp\/v2\/comments?post=1781"}],"version-history":[{"count":0,"href":"https:\/\/www.rheumapraxen-bdrh.de\/apotheke\/wp-json\/wp\/v2\/pages\/1781\/revisions"}],"wp:attachment":[{"href":"https:\/\/www.rheumapraxen-bdrh.de\/apotheke\/wp-json\/wp\/v2\/media?parent=1781"}],"curies":[{"name":"wp","href":"https:\/\/api.w.org\/{rel}","templated":true}]}}